

{"id":1849,"date":"2017-07-28T11:14:43","date_gmt":"2017-07-28T10:14:43","guid":{"rendered":"https:\/\/sidecar.design\/legal\/"},"modified":"2018-10-17T09:36:52","modified_gmt":"2018-10-17T08:36:52","slug":"legal","status":"publish","type":"page","link":"https:\/\/sidecar.design\/en\/legal\/","title":{"rendered":"legal"},"content":{"rendered":"<p>Aviso legal.<\/p>\n<p>Informaci\u00f3n legal y protecci\u00f3n de datos<\/p>\n<p>Sidecar Publicidad S.L. con CIF B26264739 con domicilio social en C\/Portales N\u00ba21, 1\u00baDrcha. de Logro\u00f1o en la provincia de La Rioja, en calidad de titular del sitio web sidecar.design (en adelante, el titular), en cumplimiento de la Ley Org\u00e1nica de Protecci\u00f3n de Datos 15\/99 de 13 de Diciembre y la Ley de Servicios de la Sociedad de la Informaci\u00f3n y Comercio Electr\u00f3nico 34\/2002 de 11 de julio, le informa acerca de su pol\u00edtica de protecci\u00f3n de datos de car\u00e1cter personal.<\/p>\n<p>Objeto del presente documento<\/p>\n<p>El titular, responsable del presente sitio web, pone a disposici\u00f3n de los usuarios este documento o &#8220;aviso legal&#8221;, con el que pretende cumplir las obligaciones dispuestas en la Ley 34\/2002, de Servicios de la Sociedad de la Informaci\u00f3n y del Comercio Electr\u00f3nico (LSSI-CE), as\u00ed como informar a todos los usuarios del sitio web de las condiciones de uso del mismo.<br \/>\nToda persona que acceda a este sitio web lo hace en calidad de usuario del mismo, comprometi\u00e9ndose al conocimiento y cumplimiento de las disposiciones del presente documento y de cualquier otras que fuesen de aplicaci\u00f3n.<\/p>\n<p>Contenidos del sitio web<\/p>\n<p>El titular se reserva el derecho a modificar cualquier tipo de informaci\u00f3n contenida en este sitio web, sin que exista obligaci\u00f3n de preavisar o ponerlo en conocimiento de los usuarios.<br \/>\nEl titular hace los m\u00e1ximos esfuerzos para asegurar que la informaci\u00f3n dispuesta en este sitio web es correcta y est\u00e1 actualizada. No obstante, en caso de discrepancia entre los datos presentes en este sitio web y una versi\u00f3n impresa de los mismos, prevalecer\u00e1 siempre la versi\u00f3n impresa.<\/p>\n<p>Responsabilidad del titular y de los usuarios<\/p>\n<p>El titular no se responsabilizar\u00e1 de la informaci\u00f3n que aparezca en este sitio web, cuando \u00e9sta haya sido introducida o modificada por un tercero, ajeno al mismo.<br \/>\nEn el sitio web se permite la introducci\u00f3n de ciertos contenidos por parte de los usuarios. El titular no se har\u00e1 responsable de las ideas que estos usuarios manifiesten a trav\u00e9s de dicha v\u00eda, o del contenido de los sitios web hacia los que dichos usuarios puedan poner enlaces. No obstante, el titular se compromete a eliminar cualquier contenido, o enlace a contenido, que se considere il\u00edcito o inmoral.<br \/>\nEste sitio web dispone de la tecnolog\u00eda necesaria para evitar los ataques inform\u00e1ticos m\u00e1s comunes de tipo XSS relacionados con la publicaci\u00f3n de contenido y todos los sistemas disponen de contrase\u00f1as de acceso. No obstante, el titular no puede garantizar que este sitio web est\u00e9 libre de elementos que puedan causar errores en el equipo del usuario o transmitir virus. El titular no se har\u00e1 responsable en ning\u00fan caso de las posibles controversias producidas por este motivo.<\/p>\n<p>Recabado y protecci\u00f3n de datos personales<\/p>\n<p>Usted, al facilitar voluntariamente sus datos personales a trav\u00e9s de cualquier formulario de este sitio web o de un mensaje de correo electr\u00f3nico, autoriza expresamente a su titular para que trate e incorpore en un fichero de su propiedad aquellos datos remitidos. La recogida y tratamiento de los datos personales que usted facilite tiene como finalidad contactar con usted para dar respuesta a su petici\u00f3n e informarle sobre los productos y servicios que ofrece esta empresa a trav\u00e9s de cualquier medio de comunicaci\u00f3n, incluso electr\u00f3nico. En cada formulario se indicar\u00e1 cu\u00e1les de los datos es obligatorio facilitar. Si usted decide no facilitar alguno de los datos obligatorios el env\u00edo del formulario no podr\u00e1 realizarse o la informaci\u00f3n no ser\u00e1 suficiente para que el titular pueda prestarle el servicio o atenci\u00f3n que solicita.<br \/>\nEl titular ha adoptado las medidas t\u00e9cnicas necesarias para evitar la alteraci\u00f3n, p\u00e9rdida o tratamiento no autorizado a los datos personales que usted facilite, habida cuenta de las limitaciones que presenta Internet, y manifiesta su compromiso de confidencialidad respecto al tratamiento de los mismos.<br \/>\nEl presente sitio web utiliza cookies, necesarias para mantener informaci\u00f3n de autenticaci\u00f3n en su relaci\u00f3n con el usuario y para el control estad\u00edstico de acceso a los contenidos. Dichas cookies no recogen ning\u00fan tipo de informaci\u00f3n de car\u00e1cter personal.<br \/>\nPuede ejercitar en todo momento los derechos de acceso, rectificaci\u00f3n, cancelaci\u00f3n y oposici\u00f3n poni\u00e9ndose en contacto con la empresa en el tel\u00e9fono 941 25 18 09, o mediante correo electr\u00f3nico: estudio@sidecaronline.com<\/p>\n<p>Propiedad intelectual e industrial<\/p>\n<p>El sitio web, incluyendo pero no limitando a, su dise\u00f1o, programaci\u00f3n, configuraci\u00f3n, el dise\u00f1o gr\u00e1fico, fotograf\u00edas, los logotipos, el texto y\/o gr\u00e1ficos y dem\u00e1s elementos necesarios para su funcionamiento, son propiedad del titular o en su caso dispone de licencia o autorizaci\u00f3n expresa por parte de los autores.<br \/>\nIndependientemente de la finalidad para la que fueran destinados, la reproducci\u00f3n total o parcial, uso, explotaci\u00f3n, distribuci\u00f3n y comercializaci\u00f3n de cualquiera de los elementos anteriormente citados, requiere en todo caso de la autorizaci\u00f3n escrita previa por parte del titular. Cualquier uso no autorizado de los mismos ser\u00e1 considerado un incumplimiento grave de los derechos de propiedad intelectual e industrial, tom\u00e1ndose las acciones legales necesarias.<br \/>\nLos dise\u00f1os, logotipos, texto y\/o gr\u00e1ficos ajenos al titular y que pudieran aparecer en el sitio web, pertenecen a sus respectivos propietarios, siendo ellos mismos responsables de cualquier conflicto relativo a los mismos. En todo caso, el titular cuenta con la autorizaci\u00f3n expresa y previa por parte de los mismos para incluirlos en este sitio web.<br \/>\nPara realizar cualquier tipo de observaci\u00f3n respecto a posibles incumplimientos de los derechos de propiedad intelectual o industrial, as\u00ed como sobre cualquiera de los contenidos de este sitio web, puede hacerlo a trav\u00e9s del siguiente correo electr\u00f3nico: estudio@sidecaronline.com<\/p>\n<p>Ley aplicable y jurisdicci\u00f3n<\/p>\n<p>Para la resoluci\u00f3n cualquier conflicto relacionado con el presente sitio web o de las actividades en \u00e9l desarrolladas, ser\u00e1 de aplicaci\u00f3n la legislaci\u00f3n espa\u00f1ola, a la que se someten expresamente las partes, siendo competentes para la resoluci\u00f3n de todos los conflictos derivados o relacionados con su uso los Juzgados y Tribunales de Logro\u00f1o, en la provincia de La Rioja.<\/p>\n","protected":false},"excerpt":{"rendered":"<p>Aviso legal. Informaci\u00f3n legal y protecci\u00f3n de datos Sidecar Publicidad S.L. con CIF B26264739 con domicilio social en C\/Portales N\u00ba21, 1\u00baDrcha. de Logro\u00f1o en la provincia de La Rioja, en calidad de titular del sitio web sidecar.design (en adelante, el titular), en cumplimiento de la Ley Org\u00e1nica de Protecci\u00f3n de Datos 15\/99 de 13 de&#8230;  <a class=\"excerpt-read-more\" href=\"https:\/\/sidecar.design\/en\/legal\/\" title=\"Read legal\">Read more &raquo;<\/a><\/p>\n","protected":false},"author":1,"featured_media":0,"parent":0,"menu_order":0,"comment_status":"closed","ping_status":"closed","template":"page-legal.php","meta":{"_acf_changed":false,"footnotes":""},"class_list":["post-1849","page","type-page","status-publish","hentry"],"acf":[],"_links":{"self":[{"href":"https:\/\/sidecar.design\/en\/wp-json\/wp\/v2\/pages\/1849","targetHints":{"allow":["GET"]}}],"collection":[{"href":"https:\/\/sidecar.design\/en\/wp-json\/wp\/v2\/pages"}],"about":[{"href":"https:\/\/sidecar.design\/en\/wp-json\/wp\/v2\/types\/page"}],"author":[{"embeddable":true,"href":"https:\/\/sidecar.design\/en\/wp-json\/wp\/v2\/users\/1"}],"replies":[{"embeddable":true,"href":"https:\/\/sidecar.design\/en\/wp-json\/wp\/v2\/comments?post=1849"}],"version-history":[{"count":1,"href":"https:\/\/sidecar.design\/en\/wp-json\/wp\/v2\/pages\/1849\/revisions"}],"predecessor-version":[{"id":1943,"href":"https:\/\/sidecar.design\/en\/wp-json\/wp\/v2\/pages\/1849\/revisions\/1943"}],"wp:attachment":[{"href":"https:\/\/sidecar.design\/en\/wp-json\/wp\/v2\/media?parent=1849"}],"curies":[{"name":"wp","href":"https:\/\/api.w.org\/{rel}","templated":true}]}}